{"id":701,"date":"2020-03-21T23:42:24","date_gmt":"2020-03-21T23:42:24","guid":{"rendered":"http:\/\/immersion.yiddish.paris\/?page_id=701"},"modified":"2020-03-22T09:09:39","modified_gmt":"2020-03-22T09:09:39","slug":"organisateurs","status":"publish","type":"page","link":"https:\/\/immersion.yiddish.paris\/fr\/organisateurs\/","title":{"rendered":"Organisateurs"},"content":{"rendered":"\n<h2 class=\"wp-block-heading\"><strong>Maison\u00a0de\u00a0la\u00a0culture\u00a0yiddish<\/strong><\/h2>\n\n\n\n<figure class=\"wp-block-image\"><img loading=\"lazy\" decoding=\"async\" width=\"1024\" height=\"576\" src=\"http:\/\/immersion.yiddish.paris\/wp-content\/uploads\/2020\/03\/ayntunkn_1-1024x576.jpg\" alt=\"\" class=\"wp-image-591\" srcset=\"https:\/\/immersion.yiddish.paris\/wp-content\/uploads\/2020\/03\/ayntunkn_1-1024x576.jpg 1024w, https:\/\/immersion.yiddish.paris\/wp-content\/uploads\/2020\/03\/ayntunkn_1-300x169.jpg 300w, https:\/\/immersion.yiddish.paris\/wp-content\/uploads\/2020\/03\/ayntunkn_1-768x432.jpg 768w\" sizes=\"auto, (max-width: 767px) 89vw, (max-width: 1000px) 54vw, (max-width: 1071px) 543px, 580px\" \/><\/figure>\n\n\n\n<p><a href=\"http:\/\/www.yiddishweb.com\/\">La Maison de la culture yiddish<\/a>\u00a0promeut la diffusion de la culture yiddish en France et en Europe ainsi que la pr\u00e9servation de son patrimoine. Elle soutient le yiddish en tant que langue de culture et encourage l\u2019apprentissage du yiddish parmi un large public.<\/p>\n\n\n\n<p>\u00c0 la Maison de la culture yiddish, les \u00e9tudiants trouveront&nbsp;:<\/p>\n\n\n\n<ul class=\"wp-block-list\"><li>la plus grande biblioth\u00e8que yiddish d\u2019Europe\u00a0: la Biblioth\u00e8que Medem contient plus de 20 000 ouvrages en yiddish\u00a0et plus de 10 000\u00a0en fran\u00e7ais, anglais, allemand, h\u00e9breu, polonais, etc.\u00a0; la m\u00e9diath\u00e8que pr\u00e9sente aussi de riches collections de CD et DVD (musique et films)\u00a0;<\/li><li>des cours de langue pour tous les niveaux, des s\u00e9minaires de litt\u00e9rature et une universit\u00e9 d\u2019\u00e9t\u00e9\u00a0;<\/li><li>des ateliers de pratique artistique (th\u00e9\u00e2tre, chant, po\u00e9sie, cin\u00e9ma, danse folklorique, musique klezmer, etc.)\u00a0;<\/li><li>des activit\u00e9s pour les enfants (cours de langue, chorale, atelier de dessin, des spectacles pour enfants et des activit\u00e9s pendant les vacances)\u00a0;<\/li><li>des groupes de lecture et de conversation en yiddish\u00a0;<\/li><li>diverses activit\u00e9s en fran\u00e7ais et en yiddish (expositions, spectacles, projections de films et conf\u00e9rences)\u00a0;<\/li><li>une librairie et un caf\u00e9.<\/li><\/ul>\n\n\n\n<p><a href=\"https:\/\/uni.wroc.pl\/\">Universit\u00e9 de Wroc\u0142aw<\/a><br><\/p>\n","protected":false},"excerpt":{"rendered":"<p>Maison\u00a0de\u00a0la\u00a0culture\u00a0yiddish La Maison de la culture yiddish\u00a0promeut la diffusion de la culture yiddish en France et en Europe ainsi que la pr\u00e9servation de son patrimoine. Elle soutient le yiddish en tant que langue de culture et encourage l\u2019apprentissage du yiddish parmi un large public. \u00c0 la Maison de la culture yiddish, les \u00e9tudiants trouveront&nbsp;: la &hellip; <\/p>\n<p class=\"link-more\"><a href=\"https:\/\/immersion.yiddish.paris\/fr\/organisateurs\/\" class=\"more-link\">Continuer la lecture<span class=\"screen-reader-text\"> de &laquo;&nbsp;Organisateurs&nbsp;&raquo;<\/span><\/a><\/p>\n","protected":false},"author":2,"featured_media":0,"parent":0,"menu_order":0,"comment_status":"closed","ping_status":"closed","template":"","meta":{"footnotes":""},"class_list":["post-701","page","type-page","status-publish","hentry"],"_links":{"self":[{"href":"https:\/\/immersion.yiddish.paris\/fr\/wp-json\/wp\/v2\/pages\/701","targetHints":{"allow":["GET"]}}],"collection":[{"href":"https:\/\/immersion.yiddish.paris\/fr\/wp-json\/wp\/v2\/pages"}],"about":[{"href":"https:\/\/immersion.yiddish.paris\/fr\/wp-json\/wp\/v2\/types\/page"}],"author":[{"embeddable":true,"href":"https:\/\/immersion.yiddish.paris\/fr\/wp-json\/wp\/v2\/users\/2"}],"replies":[{"embeddable":true,"href":"https:\/\/immersion.yiddish.paris\/fr\/wp-json\/wp\/v2\/comments?post=701"}],"version-history":[{"count":3,"href":"https:\/\/immersion.yiddish.paris\/fr\/wp-json\/wp\/v2\/pages\/701\/revisions"}],"predecessor-version":[{"id":741,"href":"https:\/\/immersion.yiddish.paris\/fr\/wp-json\/wp\/v2\/pages\/701\/revisions\/741"}],"wp:attachment":[{"href":"https:\/\/immersion.yiddish.paris\/fr\/wp-json\/wp\/v2\/media?parent=701"}],"curies":[{"name":"wp","href":"https:\/\/api.w.org\/{rel}","templated":true}]}}