{"id":54,"date":"2018-03-03T18:25:56","date_gmt":"2018-03-03T18:25:56","guid":{"rendered":"http:\/\/immersion.yiddish.paris\/?page_id=54"},"modified":"2025-02-27T17:01:07","modified_gmt":"2025-02-27T16:01:07","slug":"yiddish-in-paris","status":"publish","type":"page","link":"https:\/\/immersion.yiddish.paris\/fr\/","title":{"rendered":"Le yiddish en immersion"},"content":{"rendered":"<h2>\u00a0<\/h2>\n<h2 dir=\"ltr\"><strong>Immergez-vous pour un semestre dans un environnement yiddishophone \u00e0 la Maison de la culture yiddish<\/strong><\/h2>\n<p>La Maison de la culture yiddish a le plaisir d\u2019annoncer son programme d\u2019\u00e9tudes yiddish valid\u00e9 par des cr\u00e9dits acad\u00e9miques <a href=\"http:\/\/ec.europa.eu\/education\/resources\/european-credit-transfer-accumulation-system_en\" data-slimstat=\"5\">ECTS<\/a>. Elle offre aux \u00e9tudiants de niveau interm\u00e9diaire ou avanc\u00e9 une opportunit\u00e9 unique d\u2019\u00e9tudier avec des professeurs reconnus dans leur domaine, et de travailler \u00e0 leur projet personnel dans un environnement yiddishophone. Les participants pourront aussi aussi appr\u00e9cier les richesses culturelles de Paris.<\/p>\n<p>Le programme Le yiddish en immersion est organis\u00e9 par le Maison de la culture yiddish \u2013 Biblioth\u00e8que Medem, en partenariat avec l&rsquo;Universit\u00e9 de Wroc\u0142aw.<\/p>\n\n\n<figure class=\"wp-block-image\"><img loading=\"lazy\" decoding=\"async\" width=\"1024\" height=\"685\" src=\"http:\/\/immersion.yiddish.paris\/wp-content\/uploads\/2020\/03\/21959361213_16aa848325_o-1024x685.jpg\" alt=\"\" class=\"wp-image-580\" srcset=\"https:\/\/immersion.yiddish.paris\/wp-content\/uploads\/2020\/03\/21959361213_16aa848325_o-1024x685.jpg 1024w, https:\/\/immersion.yiddish.paris\/wp-content\/uploads\/2020\/03\/21959361213_16aa848325_o-300x201.jpg 300w, https:\/\/immersion.yiddish.paris\/wp-content\/uploads\/2020\/03\/21959361213_16aa848325_o-768x514.jpg 768w\" sizes=\"auto, (max-width: 767px) 89vw, (max-width: 1000px) 54vw, (max-width: 1071px) 543px, 580px\" \/><\/figure>\n\n\n\n<h2 class=\"wp-block-heading\">Le programme<\/h2>\n\n\n\n<p><br>Le programme comporte 236 heures de cours par semestre. Chaque semaine, l\u2019\u00e9tudiant prendra part aux cours suivants&nbsp;:<\/p>\n\n\n\n<ul class=\"wp-block-list\">\n<li>4 heures&nbsp;: litt\u00e9rature yiddish<\/li>\n\n\n\n<li>4 heures&nbsp;: \u00e9tude de la composante h\u00e9bra\u00efco-aram\u00e9enne du yiddish \u00e0 travers la litt\u00e9rature yiddish<\/li>\n\n\n\n<li>2 heures&nbsp;: grammaire yiddish<\/li>\n\n\n\n<li>3 heures&nbsp;: conversation en yiddish (1 heure avec un professeur + 2 heures avec un groupe de personnes yiddishophones)<\/li>\n\n\n\n<li>1 heure&nbsp;: session en t\u00eate-\u00e0-t\u00eate avec un tuteur personnel<\/li>\n\n\n\n<li>une fois par mois&nbsp;: 7 heures de s\u00e9minaire intensif de litt\u00e9rature yiddish.<\/li>\n<\/ul>\n\n\n\n<p>Chaque \u00e9tudiant aura un tuteur personnel pour le guider et le suivre dans son \u00e9volution.<\/p>\n\n\n\n<p>Les \u00e9tudiants obtiendront 30&nbsp;<a href=\"http:\/\/ec.europa.eu\/education\/resources\/european-credit-transfer-accumulation-system_en\">ECTS<\/a>&nbsp;dans les deux cas (ECTS = Cr\u00e9dits acad\u00e9miques europ\u00e9ens standardis\u00e9s, 30 ECTS correspondant \u00e0 un semestre d\u2019\u00e9tudes), allou\u00e9s par l\u2019Universit\u00e9 de Wroc\u0142aw. Il est \u00e9galement possible de suivre l\u2019une ou l\u2019autre des options sans valider les cr\u00e9dits acad\u00e9miques.<\/p>\n\n\n\n<h3 class=\"wp-block-heading\"><strong>Options<\/strong><\/h3>\n\n\n\n<p>Les \u00e9tudiants pourront choisir entre deux options&nbsp;:&nbsp;A.&nbsp;Se concentrer sur le programme d\u2019\u00e9tude g\u00e9n\u00e9ral de langue et litt\u00e9rature yiddish.&nbsp;B.&nbsp;Mener un projet de recherche sp\u00e9cifique.&nbsp;<\/p>\n\n\n\n<h3 class=\"wp-block-heading\"><strong>A. Le Programme&nbsp;g\u00e9n\u00e9ral d&rsquo;\u00e9tudes<\/strong><\/h3>\n\n\n\n<p>Le programme g\u00e9n\u00e9ral d\u2019\u00e9tudes permettra aux \u00e9tudiants d\u2019approfondir leur connaissance de la langue et de la culture yiddish. Guid\u00e9&nbsp;par un tuteur, chaque \u00e9tudiant \u00e9tablira une liste de lecture adapt\u00e9e \u00e0 son niveau, ses lectures pr\u00e9c\u00e9dentes et ses centres d\u2019int\u00e9r\u00eat. La session hebdomadaire en t\u00eate-\u00e0-t\u00eate avec le tuteur consistera \u00e0 suivre les progr\u00e8s de l\u2019\u00e9tudiant, discuter des \u0153uvres litt\u00e9raires et adapter la liste de lecture si n\u00e9cessaire.<\/p>\n\n\n\n<p>Les \u00e9tudiants souhaitant valider un semestre acad\u00e9mique (30&nbsp;<a href=\"http:\/\/ec.europa.eu\/education\/resources\/european-credit-transfer-accumulation-system_en\">ECTS<\/a>) devront passer un examen \u00e9crit et oral.<\/p>\n\n\n\n<h3 class=\"wp-block-heading\"><strong>B. Le projet de recherche<\/strong><\/h3>\n\n\n\n<p>Les \u00e9tudiants pr\u00e9f\u00e9rant se concentrer sur un projet de recherche pourront venir avec leur propre projet ou bien travailler \u00e0 un projet de recherche dans les archives de la Biblioth\u00e8que Medem qui portera sur des auteurs ou artistes yiddish majeurs. Dans les deux cas, l\u2019important fonds de la Biblioth\u00e8que Medem sera accessible aux \u00e9tudiants qui b\u00e9n\u00e9ficieront de l\u2019assistance et de l\u2019expertise des biblioth\u00e9caires. Dr Natalia Krynicka et d\u2019autres enseignants superviseront le travail des \u00e9tudiants. La session hebdomadaire en t\u00eate-\u00e0-t\u00eate avec le tuteur se concentrera sur les progr\u00e8s de l\u2019\u00e9tudiant dans ses recherches.<\/p>\n\n\n\n<p>Pour valider un semestre acad\u00e9mique (30&nbsp;<a href=\"http:\/\/ec.europa.eu\/education\/resources\/european-credit-transfer-accumulation-system_en\">ECTS<\/a>), les \u00e9tudiants devront remettre un m\u00e9moire de recherche. Les \u00e9tudiants seront encourag\u00e9s \u00e0 \u00e9crire leur m\u00e9moire en yiddish, mais ilsauront&nbsp;\u00e9galement la possibilit\u00e9 de l\u2019\u00e9crire en fran\u00e7ais, anglais, polonais, allemand, espagnol ou h\u00e9breu.<\/p>\n\n\n\n<h3 class=\"wp-block-heading\"><strong>Dates des semestres<\/strong><\/h3>\n\n\n\n<ul class=\"wp-block-list\">\n<li>Semestre d\u2019automne&nbsp;: septembre \u00e0 janvier<\/li>\n\n\n\n<li>Semestre de printemps&nbsp;: f\u00e9vrier \u00e0 juin<\/li>\n<\/ul>\n\n\n\n<p>Pour toute demande, \u00e9crire \u00e0 <a href=\"mailto:talmidim@yiddishweb.com\">talmidim@yiddishweb.com<\/a>.<\/p>\n","protected":false},"excerpt":{"rendered":"<p>\u00a0 Immergez-vous pour un semestre dans un environnement yiddishophone \u00e0 la Maison de la culture yiddish La Maison de la culture yiddish a le plaisir d\u2019annoncer son programme d\u2019\u00e9tudes yiddish valid\u00e9 par des cr\u00e9dits acad\u00e9miques ECTS. Elle offre aux \u00e9tudiants de niveau interm\u00e9diaire ou avanc\u00e9 une opportunit\u00e9 unique d\u2019\u00e9tudier avec des professeurs reconnus dans leur &hellip; <\/p>\n<p class=\"link-more\"><a href=\"https:\/\/immersion.yiddish.paris\/fr\/\" class=\"more-link\">Continuer la lecture<span class=\"screen-reader-text\"> de &laquo;&nbsp;Le yiddish en immersion&nbsp;&raquo;<\/span><\/a><\/p>\n","protected":false},"author":2,"featured_media":0,"parent":0,"menu_order":0,"comment_status":"closed","ping_status":"closed","template":"","meta":{"footnotes":""},"class_list":["post-54","page","type-page","status-publish","hentry"],"_links":{"self":[{"href":"https:\/\/immersion.yiddish.paris\/fr\/wp-json\/wp\/v2\/pages\/54","targetHints":{"allow":["GET"]}}],"collection":[{"href":"https:\/\/immersion.yiddish.paris\/fr\/wp-json\/wp\/v2\/pages"}],"about":[{"href":"https:\/\/immersion.yiddish.paris\/fr\/wp-json\/wp\/v2\/types\/page"}],"author":[{"embeddable":true,"href":"https:\/\/immersion.yiddish.paris\/fr\/wp-json\/wp\/v2\/users\/2"}],"replies":[{"embeddable":true,"href":"https:\/\/immersion.yiddish.paris\/fr\/wp-json\/wp\/v2\/comments?post=54"}],"version-history":[{"count":10,"href":"https:\/\/immersion.yiddish.paris\/fr\/wp-json\/wp\/v2\/pages\/54\/revisions"}],"predecessor-version":[{"id":892,"href":"https:\/\/immersion.yiddish.paris\/fr\/wp-json\/wp\/v2\/pages\/54\/revisions\/892"}],"wp:attachment":[{"href":"https:\/\/immersion.yiddish.paris\/fr\/wp-json\/wp\/v2\/media?parent=54"}],"curies":[{"name":"wp","href":"https:\/\/api.w.org\/{rel}","templated":true}]}}