{"id":128,"date":"2018-03-05T22:55:41","date_gmt":"2018-03-05T22:55:41","guid":{"rendered":"http:\/\/immersion.yiddish.paris\/?page_id=128"},"modified":"2020-03-22T15:18:31","modified_gmt":"2020-03-22T15:18:31","slug":"appliquer","status":"publish","type":"page","link":"https:\/\/immersion.yiddish.paris\/fr\/appliquer\/","title":{"rendered":"Appliquer"},"content":{"rendered":"<p>Toute demande d\u2019inscription doit \u00eatre envoy\u00e9e par \u00e9crit \u00e0 <a href=\"mailto:talmidim@yiddishweb.com\" data-slimstat=\"5\">talmidim@yiddishweb.com<\/a> (il n\u2019y a pas de formulaire d\u2019inscription) en pr\u00e9cisant le choix de l\u2019option (A ou B), le parcours du candidat ainsi que ses motivations.<\/p>\n","protected":false},"excerpt":{"rendered":"<p>Toute demande d\u2019inscription doit \u00eatre envoy\u00e9e par \u00e9crit \u00e0 talmidim@yiddishweb.com (il n\u2019y a pas de formulaire d\u2019inscription) en pr\u00e9cisant le choix de l\u2019option (A ou B), le parcours du candidat ainsi que ses motivations.<\/p>\n","protected":false},"author":2,"featured_media":0,"parent":0,"menu_order":0,"comment_status":"closed","ping_status":"closed","template":"","meta":{"footnotes":""},"class_list":["post-128","page","type-page","status-publish","hentry"],"_links":{"self":[{"href":"https:\/\/immersion.yiddish.paris\/fr\/wp-json\/wp\/v2\/pages\/128","targetHints":{"allow":["GET"]}}],"collection":[{"href":"https:\/\/immersion.yiddish.paris\/fr\/wp-json\/wp\/v2\/pages"}],"about":[{"href":"https:\/\/immersion.yiddish.paris\/fr\/wp-json\/wp\/v2\/types\/page"}],"author":[{"embeddable":true,"href":"https:\/\/immersion.yiddish.paris\/fr\/wp-json\/wp\/v2\/users\/2"}],"replies":[{"embeddable":true,"href":"https:\/\/immersion.yiddish.paris\/fr\/wp-json\/wp\/v2\/comments?post=128"}],"version-history":[{"count":10,"href":"https:\/\/immersion.yiddish.paris\/fr\/wp-json\/wp\/v2\/pages\/128\/revisions"}],"predecessor-version":[{"id":737,"href":"https:\/\/immersion.yiddish.paris\/fr\/wp-json\/wp\/v2\/pages\/128\/revisions\/737"}],"wp:attachment":[{"href":"https:\/\/immersion.yiddish.paris\/fr\/wp-json\/wp\/v2\/media?parent=128"}],"curies":[{"name":"wp","href":"https:\/\/api.w.org\/{rel}","templated":true}]}}