{"id":122,"date":"2018-03-05T22:49:34","date_gmt":"2018-03-05T22:49:34","guid":{"rendered":"http:\/\/immersion.yiddish.paris\/?page_id=122"},"modified":"2020-03-22T15:17:21","modified_gmt":"2020-03-22T15:17:21","slug":"enseignants","status":"publish","type":"page","link":"https:\/\/immersion.yiddish.paris\/fr\/enseignants\/","title":{"rendered":"Enseignants"},"content":{"rendered":"\n<figure class=\"wp-block-image\"><img loading=\"lazy\" decoding=\"async\" width=\"1024\" height=\"576\" src=\"http:\/\/immersion.yiddish.paris\/wp-content\/uploads\/2020\/03\/MVI_2532.00_00_38_19.Still044-1024x576.jpg\" alt=\"\" class=\"wp-image-622\" srcset=\"https:\/\/immersion.yiddish.paris\/wp-content\/uploads\/2020\/03\/MVI_2532.00_00_38_19.Still044-1024x576.jpg 1024w, https:\/\/immersion.yiddish.paris\/wp-content\/uploads\/2020\/03\/MVI_2532.00_00_38_19.Still044-300x169.jpg 300w, https:\/\/immersion.yiddish.paris\/wp-content\/uploads\/2020\/03\/MVI_2532.00_00_38_19.Still044-768x432.jpg 768w, https:\/\/immersion.yiddish.paris\/wp-content\/uploads\/2020\/03\/MVI_2532.00_00_38_19.Still044.jpg 1920w\" sizes=\"auto, (max-width: 767px) 89vw, (max-width: 1000px) 54vw, (max-width: 1071px) 543px, 580px\" \/><\/figure>\n\n\n<h1>\u00c9quipe p\u00e9dagogique, sous la direction de Yitskhok Niborski :<\/h1>\n<ul>\n<li>Sharon Bar-Kochva<\/li>\n<li>Batia Baum<\/li>\n<li>Arnaud Bikard<\/li>\n<li>Nadia D\u00e9han-Rotschild<\/li>\n<li>Valentina Fedchenko<\/li>\n<li>Maurice Glazman<\/li>\n<li>Tal Hever-Chybowski<\/li>\n<li>Natalia Krynicka<\/li>\n<li>Guitele Milchberg<\/li>\n<li>Rubye Monet<\/li>\n<li>R\u00e9gine Nebel<\/li>\n<li>Yitskhok Niborski<\/li>\n<li>Jean Spector<\/li>\n<li>Reyze Turner<\/li>\n<li>Aron Waldman<\/li>\n<\/ul>","protected":false},"excerpt":{"rendered":"<p>\u00c9quipe p\u00e9dagogique, sous la direction de Yitskhok Niborski : Sharon Bar-Kochva Batia Baum Arnaud Bikard Nadia D\u00e9han-Rotschild Valentina Fedchenko Maurice Glazman Tal Hever-Chybowski Natalia Krynicka Guitele Milchberg Rubye Monet R\u00e9gine Nebel Yitskhok Niborski Jean Spector Reyze Turner Aron Waldman<\/p>\n","protected":false},"author":2,"featured_media":0,"parent":0,"menu_order":0,"comment_status":"closed","ping_status":"closed","template":"","meta":{"footnotes":""},"class_list":["post-122","page","type-page","status-publish","hentry"],"_links":{"self":[{"href":"https:\/\/immersion.yiddish.paris\/fr\/wp-json\/wp\/v2\/pages\/122","targetHints":{"allow":["GET"]}}],"collection":[{"href":"https:\/\/immersion.yiddish.paris\/fr\/wp-json\/wp\/v2\/pages"}],"about":[{"href":"https:\/\/immersion.yiddish.paris\/fr\/wp-json\/wp\/v2\/types\/page"}],"author":[{"embeddable":true,"href":"https:\/\/immersion.yiddish.paris\/fr\/wp-json\/wp\/v2\/users\/2"}],"replies":[{"embeddable":true,"href":"https:\/\/immersion.yiddish.paris\/fr\/wp-json\/wp\/v2\/comments?post=122"}],"version-history":[{"count":10,"href":"https:\/\/immersion.yiddish.paris\/fr\/wp-json\/wp\/v2\/pages\/122\/revisions"}],"predecessor-version":[{"id":748,"href":"https:\/\/immersion.yiddish.paris\/fr\/wp-json\/wp\/v2\/pages\/122\/revisions\/748"}],"wp:attachment":[{"href":"https:\/\/immersion.yiddish.paris\/fr\/wp-json\/wp\/v2\/media?parent=122"}],"curies":[{"name":"wp","href":"https:\/\/api.w.org\/{rel}","templated":true}]}}